{"id":1221,"date":"2018-12-29T10:53:08","date_gmt":"2018-12-29T09:53:08","guid":{"rendered":"https:\/\/shop.katja-verlag.de\/?post_type=product&#038;p=1221"},"modified":"2024-02-24T23:41:12","modified_gmt":"2024-02-24T22:41:12","slug":"postkarte-balance-nr-p28","status":"publish","type":"product","link":"https:\/\/shop.katja-verlag.de\/en\/produkt\/postkarte-balance-nr-p28\/","title":{"rendered":"Postcard \"Balance\" No.: P28"},"content":{"rendered":"<p>Postkarte &#8222;Balance&#8220; von Ilona Reny. Quer \u00fcber das Bild ist ein Balance-Seil lose gespannt. Eine Fee und eine Katze balancieren zielsicher \u00fcber das Seil. Die Fee h\u00e4lt einen Regenschirm in der Hand. Um die Fee und die Katze fliegen V\u00f6gel. Zwei V\u00f6gel unterhalten sich in der Ecke. Der braune Himmel ist voller leuchtender Sterne. Mehrere B\u00e4ume wachsen unter dem Seil, einige davon bl\u00fchen mit rosa Bl\u00fcten. Das alles geschieht mitten in der Nacht.<\/p>\n<p>Postcards DIN A6, simple, without envelope<\/p>","protected":false},"excerpt":{"rendered":"<p>Postcards DIN A6, simple, without envelope<\/p>","protected":false},"featured_media":2342,"comment_status":"open","ping_status":"closed","template":"","meta":{"site-sidebar-layout":"default","site-content-layout":"default","ast-global-header-display":"","ast-main-header-display":"","ast-hfb-above-header-display":"","ast-hfb-below-header-display":"","ast-hfb-mobile-header-display":"","site-post-title":"","ast-breadcrumbs-content":"","ast-featured-img":"","footer-sml-layout":"","theme-transparent-header-meta":"","adv-header-id-meta":"","stick-header-meta":"","header-above-stick-meta":"","header-main-stick-meta":"","header-below-stick-meta":""},"product_brand":[],"product_cat":[207],"product_tag":[],"class_list":{"0":"post-1221","1":"product","2":"type-product","3":"status-publish","4":"has-post-thumbnail","6":"product_cat-postkarte-quer","7":"product_shipping_class-versandkostenpauschale","8":"desktop-align-left","9":"tablet-align-left","10":"mobile-align-left","12":"first","13":"instock","14":"taxable","15":"shipping-taxable","16":"purchasable","17":"product-type-simple"},"_links":{"self":[{"href":"https:\/\/shop.katja-verlag.de\/en\/wp-json\/wp\/v2\/product\/1221","targetHints":{"allow":["GET"]}}],"collection":[{"href":"https:\/\/shop.katja-verlag.de\/en\/wp-json\/wp\/v2\/product"}],"about":[{"href":"https:\/\/shop.katja-verlag.de\/en\/wp-json\/wp\/v2\/types\/product"}],"replies":[{"embeddable":true,"href":"https:\/\/shop.katja-verlag.de\/en\/wp-json\/wp\/v2\/comments?post=1221"}],"version-history":[{"count":2,"href":"https:\/\/shop.katja-verlag.de\/en\/wp-json\/wp\/v2\/product\/1221\/revisions"}],"predecessor-version":[{"id":3532,"href":"https:\/\/shop.katja-verlag.de\/en\/wp-json\/wp\/v2\/product\/1221\/revisions\/3532"}],"wp:featuredmedia":[{"embeddable":true,"href":"https:\/\/shop.katja-verlag.de\/en\/wp-json\/wp\/v2\/media\/2342"}],"wp:attachment":[{"href":"https:\/\/shop.katja-verlag.de\/en\/wp-json\/wp\/v2\/media?parent=1221"}],"wp:term":[{"taxonomy":"product_brand","embeddable":true,"href":"https:\/\/shop.katja-verlag.de\/en\/wp-json\/wp\/v2\/product_brand?post=1221"},{"taxonomy":"product_cat","embeddable":true,"href":"https:\/\/shop.katja-verlag.de\/en\/wp-json\/wp\/v2\/product_cat?post=1221"},{"taxonomy":"product_tag","embeddable":true,"href":"https:\/\/shop.katja-verlag.de\/en\/wp-json\/wp\/v2\/product_tag?post=1221"}],"curies":[{"name":"wp","href":"https:\/\/api.w.org\/{rel}","templated":true}]}}