{"id":1213,"date":"2018-12-29T10:44:13","date_gmt":"2018-12-29T09:44:13","guid":{"rendered":"https:\/\/shop.katja-verlag.de\/?post_type=product&#038;p=1213"},"modified":"2024-03-09T14:02:41","modified_gmt":"2024-03-09T13:02:41","slug":"postkarte-schaukel-dich-hoch-art-nr-p-16","status":"publish","type":"product","link":"https:\/\/shop.katja-verlag.de\/en\/produkt\/postkarte-schaukel-dich-hoch-art-nr-p-16\/","title":{"rendered":"Postkarte \u201eSchaukel dich hoch\u201c Nr.: P16"},"content":{"rendered":"<p>Postkarte &#8222;Schaukel dich hoch&#8220; von Ilona Reny zeigt eine sehr hohe Schaukel im Himmel, auf welcher eine Fee in wei\u00dfem Kleid und mit Schmetterlingsfl\u00fcgeln schaukelt. Unter ihr ist eine sch\u00f6ne Altstadt mit vielen B\u00e4umen und B\u00fcschen, die rosa bl\u00fchen.<\/p>\n<p>&nbsp;<\/p>\n<p>Postcards DIN A6, simple, without envelope<\/p>","protected":false},"excerpt":{"rendered":"<p>Postkarte &#8222;Schaukel dich hoch&#8220; von Ilona Reny zeigt eine sehr hohe Schaukel im Himmel, auf welcher eine Fee in wei\u00dfem Kleid und mit Schmetterlingsfl\u00fcgeln schaukelt.<\/p>\n<p>Postcards DIN A6, simple, without envelope<\/p>","protected":false},"featured_media":2330,"comment_status":"open","ping_status":"closed","template":"","meta":{"site-sidebar-layout":"default","site-content-layout":"default","ast-global-header-display":"","ast-main-header-display":"","ast-hfb-above-header-display":"","ast-hfb-below-header-display":"","ast-hfb-mobile-header-display":"","site-post-title":"","ast-breadcrumbs-content":"","ast-featured-img":"","footer-sml-layout":"","theme-transparent-header-meta":"","adv-header-id-meta":"","stick-header-meta":"","header-above-stick-meta":"","header-main-stick-meta":"","header-below-stick-meta":""},"product_brand":[],"product_cat":[36],"product_tag":[],"class_list":{"0":"post-1213","1":"product","2":"type-product","3":"status-publish","4":"has-post-thumbnail","6":"product_cat-postkarten","7":"product_shipping_class-versandkostenpauschale","8":"desktop-align-left","9":"tablet-align-left","10":"mobile-align-left","12":"first","13":"instock","14":"taxable","15":"shipping-taxable","16":"purchasable","17":"product-type-simple"},"_links":{"self":[{"href":"https:\/\/shop.katja-verlag.de\/en\/wp-json\/wp\/v2\/product\/1213","targetHints":{"allow":["GET"]}}],"collection":[{"href":"https:\/\/shop.katja-verlag.de\/en\/wp-json\/wp\/v2\/product"}],"about":[{"href":"https:\/\/shop.katja-verlag.de\/en\/wp-json\/wp\/v2\/types\/product"}],"replies":[{"embeddable":true,"href":"https:\/\/shop.katja-verlag.de\/en\/wp-json\/wp\/v2\/comments?post=1213"}],"version-history":[{"count":2,"href":"https:\/\/shop.katja-verlag.de\/en\/wp-json\/wp\/v2\/product\/1213\/revisions"}],"predecessor-version":[{"id":3946,"href":"https:\/\/shop.katja-verlag.de\/en\/wp-json\/wp\/v2\/product\/1213\/revisions\/3946"}],"wp:featuredmedia":[{"embeddable":true,"href":"https:\/\/shop.katja-verlag.de\/en\/wp-json\/wp\/v2\/media\/2330"}],"wp:attachment":[{"href":"https:\/\/shop.katja-verlag.de\/en\/wp-json\/wp\/v2\/media?parent=1213"}],"wp:term":[{"taxonomy":"product_brand","embeddable":true,"href":"https:\/\/shop.katja-verlag.de\/en\/wp-json\/wp\/v2\/product_brand?post=1213"},{"taxonomy":"product_cat","embeddable":true,"href":"https:\/\/shop.katja-verlag.de\/en\/wp-json\/wp\/v2\/product_cat?post=1213"},{"taxonomy":"product_tag","embeddable":true,"href":"https:\/\/shop.katja-verlag.de\/en\/wp-json\/wp\/v2\/product_tag?post=1213"}],"curies":[{"name":"wp","href":"https:\/\/api.w.org\/{rel}","templated":true}]}}