{"id":1211,"date":"2018-12-29T10:41:07","date_gmt":"2018-12-29T09:41:07","guid":{"rendered":"https:\/\/shop.katja-verlag.de\/?post_type=product&#038;p=1211"},"modified":"2025-07-31T20:17:40","modified_gmt":"2025-07-31T18:17:40","slug":"postkarte-fische-im-himmel-nr-p01","status":"publish","type":"product","link":"https:\/\/shop.katja-verlag.de\/en\/produkt\/postkarte-fische-im-himmel-nr-p01\/","title":{"rendered":"Postcard \"Fishes in heaven\" No.: P01"},"content":{"rendered":"<p>Wundersch\u00f6ne Postkarte von Ilona Reny &#8222;Fische im Himmel&#8220;. Der Titel sagt schon eigentlich alles. Am blauen Himmel sowohl blaue Fische, gr\u00fcne Fische als auch gestreifte Fische an uns vorbei. Manche werden von bunten V\u00f6geln geritten. Einige V\u00f6gel fliegen selbst. Unter der surrealistischen Szene sehen wir eine sch\u00f6ne Stadt. Einige Gegenst\u00e4nde h\u00e4ngen an Ketten. Ein typisches Bild von Ilona Reny. Hier werden s\u00e4mtliche Naturgesetze entweder missachtet oder der \u00c4sthetik zunutze gemacht.<\/p>\n<p>Postcards DIN A6, simple, without envelope<\/p>","protected":false},"excerpt":{"rendered":"<p>Postcard \"Fishes in heaven\" No.: P01<\/p>\n<p>Postcards DIN A6, simple, without envelope<\/p>","protected":false},"featured_media":2315,"comment_status":"open","ping_status":"closed","template":"","meta":{"site-sidebar-layout":"default","site-content-layout":"default","ast-global-header-display":"","ast-main-header-display":"","ast-hfb-above-header-display":"","ast-hfb-below-header-display":"","ast-hfb-mobile-header-display":"","site-post-title":"","ast-breadcrumbs-content":"","ast-featured-img":"","footer-sml-layout":"","theme-transparent-header-meta":"","adv-header-id-meta":"","stick-header-meta":"","header-above-stick-meta":"","header-main-stick-meta":"","header-below-stick-meta":""},"product_brand":[],"product_cat":[207],"product_tag":[],"class_list":{"0":"post-1211","1":"product","2":"type-product","3":"status-publish","4":"has-post-thumbnail","6":"product_cat-postkarte-quer","7":"product_shipping_class-versandkostenpauschale","8":"desktop-align-left","9":"tablet-align-left","10":"mobile-align-left","12":"first","13":"outofstock","14":"taxable","15":"shipping-taxable","16":"purchasable","17":"product-type-simple"},"_links":{"self":[{"href":"https:\/\/shop.katja-verlag.de\/en\/wp-json\/wp\/v2\/product\/1211","targetHints":{"allow":["GET"]}}],"collection":[{"href":"https:\/\/shop.katja-verlag.de\/en\/wp-json\/wp\/v2\/product"}],"about":[{"href":"https:\/\/shop.katja-verlag.de\/en\/wp-json\/wp\/v2\/types\/product"}],"replies":[{"embeddable":true,"href":"https:\/\/shop.katja-verlag.de\/en\/wp-json\/wp\/v2\/comments?post=1211"}],"version-history":[{"count":2,"href":"https:\/\/shop.katja-verlag.de\/en\/wp-json\/wp\/v2\/product\/1211\/revisions"}],"predecessor-version":[{"id":2448,"href":"https:\/\/shop.katja-verlag.de\/en\/wp-json\/wp\/v2\/product\/1211\/revisions\/2448"}],"wp:featuredmedia":[{"embeddable":true,"href":"https:\/\/shop.katja-verlag.de\/en\/wp-json\/wp\/v2\/media\/2315"}],"wp:attachment":[{"href":"https:\/\/shop.katja-verlag.de\/en\/wp-json\/wp\/v2\/media?parent=1211"}],"wp:term":[{"taxonomy":"product_brand","embeddable":true,"href":"https:\/\/shop.katja-verlag.de\/en\/wp-json\/wp\/v2\/product_brand?post=1211"},{"taxonomy":"product_cat","embeddable":true,"href":"https:\/\/shop.katja-verlag.de\/en\/wp-json\/wp\/v2\/product_cat?post=1211"},{"taxonomy":"product_tag","embeddable":true,"href":"https:\/\/shop.katja-verlag.de\/en\/wp-json\/wp\/v2\/product_tag?post=1211"}],"curies":[{"name":"wp","href":"https:\/\/api.w.org\/{rel}","templated":true}]}}