{"id":1205,"date":"2018-12-28T15:50:41","date_gmt":"2018-12-28T14:50:41","guid":{"rendered":"https:\/\/shop.katja-verlag.de\/?post_type=product&#038;p=1205"},"modified":"2024-02-24T23:45:59","modified_gmt":"2024-02-24T22:45:59","slug":"postkarte-ein-feentraum-nr-p20","status":"publish","type":"product","link":"https:\/\/shop.katja-verlag.de\/en\/produkt\/postkarte-ein-feentraum-nr-p20\/","title":{"rendered":"Postkarte &#8222;Ein Feentraum&#8220; Nr.: P20"},"content":{"rendered":"<p>Postkarte &#8222;Ein Feentraum&#8220; von Ilona Reny. Eine Fee in wei\u00dfem Feenkleid schwebt hoch \u00fcber den D\u00e4chern einen sch\u00f6nen Altstadt. Der Himmel ist voller Perlen und federweichen wei\u00df-rosa Wolken. Viele bunte Schmetterlinge schwirren um die Fee herum. Ganz viele B\u00e4ume wachsen in dieser Stadt. Manche T\u00fcren stehen ohne Wand da und f\u00fchren wahrscheinlich in eine andere Welt.<\/p>\n<p>Postcards DIN A6, simple, without envelope<\/p>","protected":false},"excerpt":{"rendered":"<p>Postcards DIN A6, simple, without envelope<\/p>","protected":false},"featured_media":2334,"comment_status":"open","ping_status":"closed","template":"","meta":{"site-sidebar-layout":"default","site-content-layout":"default","ast-global-header-display":"","ast-main-header-display":"","ast-hfb-above-header-display":"","ast-hfb-below-header-display":"","ast-hfb-mobile-header-display":"","site-post-title":"","ast-breadcrumbs-content":"","ast-featured-img":"","footer-sml-layout":"","theme-transparent-header-meta":"","adv-header-id-meta":"","stick-header-meta":"","header-above-stick-meta":"","header-main-stick-meta":"","header-below-stick-meta":""},"product_brand":[],"product_cat":[36],"product_tag":[],"class_list":{"0":"post-1205","1":"product","2":"type-product","3":"status-publish","4":"has-post-thumbnail","6":"product_cat-postkarten","7":"product_shipping_class-versandkostenpauschale","8":"desktop-align-left","9":"tablet-align-left","10":"mobile-align-left","12":"first","13":"instock","14":"taxable","15":"shipping-taxable","16":"purchasable","17":"product-type-simple"},"_links":{"self":[{"href":"https:\/\/shop.katja-verlag.de\/en\/wp-json\/wp\/v2\/product\/1205","targetHints":{"allow":["GET"]}}],"collection":[{"href":"https:\/\/shop.katja-verlag.de\/en\/wp-json\/wp\/v2\/product"}],"about":[{"href":"https:\/\/shop.katja-verlag.de\/en\/wp-json\/wp\/v2\/types\/product"}],"replies":[{"embeddable":true,"href":"https:\/\/shop.katja-verlag.de\/en\/wp-json\/wp\/v2\/comments?post=1205"}],"version-history":[{"count":2,"href":"https:\/\/shop.katja-verlag.de\/en\/wp-json\/wp\/v2\/product\/1205\/revisions"}],"predecessor-version":[{"id":3530,"href":"https:\/\/shop.katja-verlag.de\/en\/wp-json\/wp\/v2\/product\/1205\/revisions\/3530"}],"wp:featuredmedia":[{"embeddable":true,"href":"https:\/\/shop.katja-verlag.de\/en\/wp-json\/wp\/v2\/media\/2334"}],"wp:attachment":[{"href":"https:\/\/shop.katja-verlag.de\/en\/wp-json\/wp\/v2\/media?parent=1205"}],"wp:term":[{"taxonomy":"product_brand","embeddable":true,"href":"https:\/\/shop.katja-verlag.de\/en\/wp-json\/wp\/v2\/product_brand?post=1205"},{"taxonomy":"product_cat","embeddable":true,"href":"https:\/\/shop.katja-verlag.de\/en\/wp-json\/wp\/v2\/product_cat?post=1205"},{"taxonomy":"product_tag","embeddable":true,"href":"https:\/\/shop.katja-verlag.de\/en\/wp-json\/wp\/v2\/product_tag?post=1205"}],"curies":[{"name":"wp","href":"https:\/\/api.w.org\/{rel}","templated":true}]}}