{"id":1199,"date":"2018-12-28T15:15:52","date_gmt":"2018-12-28T14:15:52","guid":{"rendered":"https:\/\/shop.katja-verlag.de\/?post_type=product&#038;p=1199"},"modified":"2024-02-24T23:46:00","modified_gmt":"2024-02-24T22:46:00","slug":"postkarte-zuckerfee-nr-p17","status":"publish","type":"product","link":"https:\/\/shop.katja-verlag.de\/en\/produkt\/postkarte-zuckerfee-nr-p17\/","title":{"rendered":"Postkarte &#8222;Zuckerfee&#8220; Nr.: P17"},"content":{"rendered":"<p>Postkarte &#8222;Zuckerfee&#8220; von Ilona Reny. Eine Fee in wei\u00dfem Feenkleid geht mit einer Maus spazieren. Beide tragen einen Schirm. Vom makellos blauen Himmel regnet starker Schneeregen, welcher sehr sch\u00f6n aussieht. Auf D\u00e4chern der Stadt wachsen B\u00e4ume und kleine H\u00e4user. Eine sch\u00f6ne blaue Postkarte von Ilona Reny.<\/p>\n<p>Postcards DIN A6, simple, without envelope<\/p>","protected":false},"excerpt":{"rendered":"<p>Postcards DIN A6, simple, without envelope<\/p>","protected":false},"featured_media":2331,"comment_status":"open","ping_status":"closed","template":"","meta":{"site-sidebar-layout":"default","site-content-layout":"default","ast-global-header-display":"","ast-main-header-display":"","ast-hfb-above-header-display":"","ast-hfb-below-header-display":"","ast-hfb-mobile-header-display":"","site-post-title":"","ast-breadcrumbs-content":"","ast-featured-img":"","footer-sml-layout":"","theme-transparent-header-meta":"","adv-header-id-meta":"","stick-header-meta":"","header-above-stick-meta":"","header-main-stick-meta":"","header-below-stick-meta":""},"product_brand":[],"product_cat":[36],"product_tag":[],"class_list":{"0":"post-1199","1":"product","2":"type-product","3":"status-publish","4":"has-post-thumbnail","6":"product_cat-postkarten","7":"product_shipping_class-versandkostenpauschale","8":"desktop-align-left","9":"tablet-align-left","10":"mobile-align-left","12":"first","13":"instock","14":"taxable","15":"shipping-taxable","16":"purchasable","17":"product-type-simple"},"_links":{"self":[{"href":"https:\/\/shop.katja-verlag.de\/en\/wp-json\/wp\/v2\/product\/1199","targetHints":{"allow":["GET"]}}],"collection":[{"href":"https:\/\/shop.katja-verlag.de\/en\/wp-json\/wp\/v2\/product"}],"about":[{"href":"https:\/\/shop.katja-verlag.de\/en\/wp-json\/wp\/v2\/types\/product"}],"replies":[{"embeddable":true,"href":"https:\/\/shop.katja-verlag.de\/en\/wp-json\/wp\/v2\/comments?post=1199"}],"version-history":[{"count":2,"href":"https:\/\/shop.katja-verlag.de\/en\/wp-json\/wp\/v2\/product\/1199\/revisions"}],"predecessor-version":[{"id":3531,"href":"https:\/\/shop.katja-verlag.de\/en\/wp-json\/wp\/v2\/product\/1199\/revisions\/3531"}],"wp:featuredmedia":[{"embeddable":true,"href":"https:\/\/shop.katja-verlag.de\/en\/wp-json\/wp\/v2\/media\/2331"}],"wp:attachment":[{"href":"https:\/\/shop.katja-verlag.de\/en\/wp-json\/wp\/v2\/media?parent=1199"}],"wp:term":[{"taxonomy":"product_brand","embeddable":true,"href":"https:\/\/shop.katja-verlag.de\/en\/wp-json\/wp\/v2\/product_brand?post=1199"},{"taxonomy":"product_cat","embeddable":true,"href":"https:\/\/shop.katja-verlag.de\/en\/wp-json\/wp\/v2\/product_cat?post=1199"},{"taxonomy":"product_tag","embeddable":true,"href":"https:\/\/shop.katja-verlag.de\/en\/wp-json\/wp\/v2\/product_tag?post=1199"}],"curies":[{"name":"wp","href":"https:\/\/api.w.org\/{rel}","templated":true}]}}