{"id":118,"date":"2017-10-06T23:47:30","date_gmt":"2017-10-06T21:47:30","guid":{"rendered":"http:\/\/shop.katja-verlag.de\/?post_type=product&#038;p=118"},"modified":"2024-02-24T23:38:27","modified_gmt":"2024-02-24T22:38:27","slug":"postkarte-angels-in-the-evening","status":"publish","type":"product","link":"https:\/\/shop.katja-verlag.de\/en\/produkt\/postkarte-angels-in-the-evening\/","title":{"rendered":"Postkarte &#8222;Angels in the evening&#8220; Nr. DIN01"},"content":{"rendered":"<p>Postkarte &#8222;Angels in the Evening&#8220; von Ilona Reny. Diese blau-braune Karte zeigt viele \u00fcbergro\u00dfe T\u00fcren, durch welche Engel und Menschen durchgehen. Im Hintergrund sehen wir einen dunkelblauen Himmel, Bunte Fische, Herbstbl\u00e4tter und M\u00f6belst\u00fccke vervollst\u00e4ndigen die nachdenklich-surreale Szene. Diese Postkarten im DIN-lang-Format k\u00f6nnen Sie ganz normal mit der Post verschicken.<\/p>\n<p>&nbsp;<\/p>\n<p>Postkarten DIN-lang, einfach, ohne Umschlag<\/p>","protected":false},"excerpt":{"rendered":"<p>Postkarten DIN-lang, einfach, ohne Umschlag<\/p>","protected":false},"featured_media":2283,"comment_status":"open","ping_status":"closed","template":"","meta":{"site-sidebar-layout":"default","site-content-layout":"default","ast-global-header-display":"","ast-main-header-display":"","ast-hfb-above-header-display":"","ast-hfb-below-header-display":"","ast-hfb-mobile-header-display":"","site-post-title":"","ast-breadcrumbs-content":"","ast-featured-img":"","footer-sml-layout":"","theme-transparent-header-meta":"","adv-header-id-meta":"","stick-header-meta":"","header-above-stick-meta":"","header-main-stick-meta":"","header-below-stick-meta":""},"product_brand":[],"product_cat":[208],"product_tag":[],"class_list":{"0":"post-118","1":"product","2":"type-product","3":"status-publish","4":"has-post-thumbnail","6":"product_cat-postkarte-din-format","7":"product_shipping_class-versandkostenpauschale","8":"desktop-align-left","9":"tablet-align-left","10":"mobile-align-left","12":"first","13":"instock","14":"taxable","15":"shipping-taxable","16":"purchasable","17":"product-type-simple"},"_links":{"self":[{"href":"https:\/\/shop.katja-verlag.de\/en\/wp-json\/wp\/v2\/product\/118","targetHints":{"allow":["GET"]}}],"collection":[{"href":"https:\/\/shop.katja-verlag.de\/en\/wp-json\/wp\/v2\/product"}],"about":[{"href":"https:\/\/shop.katja-verlag.de\/en\/wp-json\/wp\/v2\/types\/product"}],"replies":[{"embeddable":true,"href":"https:\/\/shop.katja-verlag.de\/en\/wp-json\/wp\/v2\/comments?post=118"}],"version-history":[{"count":3,"href":"https:\/\/shop.katja-verlag.de\/en\/wp-json\/wp\/v2\/product\/118\/revisions"}],"predecessor-version":[{"id":3541,"href":"https:\/\/shop.katja-verlag.de\/en\/wp-json\/wp\/v2\/product\/118\/revisions\/3541"}],"wp:featuredmedia":[{"embeddable":true,"href":"https:\/\/shop.katja-verlag.de\/en\/wp-json\/wp\/v2\/media\/2283"}],"wp:attachment":[{"href":"https:\/\/shop.katja-verlag.de\/en\/wp-json\/wp\/v2\/media?parent=118"}],"wp:term":[{"taxonomy":"product_brand","embeddable":true,"href":"https:\/\/shop.katja-verlag.de\/en\/wp-json\/wp\/v2\/product_brand?post=118"},{"taxonomy":"product_cat","embeddable":true,"href":"https:\/\/shop.katja-verlag.de\/en\/wp-json\/wp\/v2\/product_cat?post=118"},{"taxonomy":"product_tag","embeddable":true,"href":"https:\/\/shop.katja-verlag.de\/en\/wp-json\/wp\/v2\/product_tag?post=118"}],"curies":[{"name":"wp","href":"https:\/\/api.w.org\/{rel}","templated":true}]}}