{"id":1140,"date":"2018-12-14T19:07:10","date_gmt":"2018-12-14T18:07:10","guid":{"rendered":"https:\/\/shop.katja-verlag.de\/?post_type=product&#038;p=1140"},"modified":"2024-09-15T13:55:54","modified_gmt":"2024-09-15T11:55:54","slug":"doppelkarte-schneezauber-nr-dw12","status":"publish","type":"product","link":"https:\/\/shop.katja-verlag.de\/en\/indexphp\/produkt\/doppelkarte-schneezauber-nr-dw12\/","title":{"rendered":"Weihnachts-Doppelkarte &#8222;Schneezauber&#8220; Nr.: DW12"},"content":{"rendered":"<p>Weihnachts-Doppelkarte &#8222;Schneezauber&#8220;<\/p>\n<p>Diese Weihnachtskarte ist in zartem Grau. Hier kommen sowohl die bunten V\u00f6gel, die Weihnachtskugeln als auch der wei\u00dfe Schnee besonders gut zur Geltung. Gleichzeitig hat die Karte diesen angenehm gleichm\u00e4\u00dfigen grauen Ton. Diese Farbe passt zu fast allem. Zur Karte geh\u00f6rt ein dunkelroter, weihnachtlicher Umschlag.<\/p>\n<p>Greeting cards\/double cards B6 format with envelope, individually cellophaned<\/p>","protected":false},"excerpt":{"rendered":"<p>Weihnachts-Doppelkarte &#8222;Schneezauber&#8220;<\/p>\n<p>Greeting cards\/double cards B6 format with envelope, individually cellophaned<\/p>","protected":false},"featured_media":2303,"comment_status":"open","ping_status":"closed","template":"","meta":{"site-sidebar-layout":"default","site-content-layout":"default","ast-global-header-display":"","ast-main-header-display":"","ast-hfb-above-header-display":"","ast-hfb-below-header-display":"","ast-hfb-mobile-header-display":"","site-post-title":"","ast-breadcrumbs-content":"","ast-featured-img":"","footer-sml-layout":"","theme-transparent-header-meta":"","adv-header-id-meta":"","stick-header-meta":"","header-above-stick-meta":"","header-main-stick-meta":"","header-below-stick-meta":""},"product_brand":[],"product_cat":[209],"product_tag":[],"class_list":{"0":"post-1140","1":"product","2":"type-product","3":"status-publish","4":"has-post-thumbnail","6":"product_cat-grusskarte-weihnachten-quer","7":"product_shipping_class-versandkostenpauschale","8":"desktop-align-left","9":"tablet-align-left","10":"mobile-align-left","12":"first","13":"outofstock","14":"taxable","15":"shipping-taxable","16":"purchasable","17":"product-type-simple"},"_links":{"self":[{"href":"https:\/\/shop.katja-verlag.de\/en\/wp-json\/wp\/v2\/product\/1140","targetHints":{"allow":["GET"]}}],"collection":[{"href":"https:\/\/shop.katja-verlag.de\/en\/wp-json\/wp\/v2\/product"}],"about":[{"href":"https:\/\/shop.katja-verlag.de\/en\/wp-json\/wp\/v2\/types\/product"}],"replies":[{"embeddable":true,"href":"https:\/\/shop.katja-verlag.de\/en\/wp-json\/wp\/v2\/comments?post=1140"}],"version-history":[{"count":2,"href":"https:\/\/shop.katja-verlag.de\/en\/wp-json\/wp\/v2\/product\/1140\/revisions"}],"predecessor-version":[{"id":3570,"href":"https:\/\/shop.katja-verlag.de\/en\/wp-json\/wp\/v2\/product\/1140\/revisions\/3570"}],"wp:featuredmedia":[{"embeddable":true,"href":"https:\/\/shop.katja-verlag.de\/en\/wp-json\/wp\/v2\/media\/2303"}],"wp:attachment":[{"href":"https:\/\/shop.katja-verlag.de\/en\/wp-json\/wp\/v2\/media?parent=1140"}],"wp:term":[{"taxonomy":"product_brand","embeddable":true,"href":"https:\/\/shop.katja-verlag.de\/en\/wp-json\/wp\/v2\/product_brand?post=1140"},{"taxonomy":"product_cat","embeddable":true,"href":"https:\/\/shop.katja-verlag.de\/en\/wp-json\/wp\/v2\/product_cat?post=1140"},{"taxonomy":"product_tag","embeddable":true,"href":"https:\/\/shop.katja-verlag.de\/en\/wp-json\/wp\/v2\/product_tag?post=1140"}],"curies":[{"name":"wp","href":"https:\/\/api.w.org\/{rel}","templated":true}]}}