{"id":111,"date":"2017-10-06T19:24:06","date_gmt":"2017-10-06T17:24:06","guid":{"rendered":"http:\/\/shop.katja-verlag.de\/?post_type=product&#038;p=111"},"modified":"2024-02-24T23:42:00","modified_gmt":"2024-02-24T22:42:00","slug":"postkarte-rosa-traum","status":"publish","type":"product","link":"https:\/\/shop.katja-verlag.de\/en\/produkt\/postkarte-rosa-traum-nr-p04\/","title":{"rendered":"Postcard \"Pink dream\" No. P04"},"content":{"rendered":"<p>Postkarte &#8222;Rosa Traum&#8220; von Ilona Reny<\/p>\n<p>Diese surrealistische Postkarte in zartem rosa entfaltet sich als eine gro\u00dfe Schachbrett-Szene, auf welchem mehrere historische H\u00e4user stehen. Wir sehen B\u00e4ume wachsen, Geschenke vom Himmel fallen sowie Schmetterlinge wegfliegen. Mehrere Feen gehen gesch\u00e4ftig ihrer T\u00e4tigkeit nach. Ferner <span style=\"display: inline !important; float: none; background-color: transparent; color: #333333; cursor: text; font-family: 'Raleway',Sans-serif; font-size: 16px; font-style: normal; font-variant: normal; font-weight: 400; letter-spacing: normal; orphans: 2; text-align: left; text-decoration: none; text-indent: 0px; text-transform: none; -webkit-text-stroke-width: 0px; white-space: normal; word-spacing: 0px;\">h\u00e4ngen<\/span> an Ketten\u00a0 mehrere Objekte vom rosa Himmel, darunter ein Regenschirm. Eine surrealistische Szene, die zum Nachdenken anregt. Dar\u00fcber hinaus <span style=\"display: inline !important; float: none; background-color: transparent; color: #333333; cursor: text; font-family: 'Raleway',Sans-serif; font-size: 16px; font-style: normal; font-variant: normal; font-weight: 400; letter-spacing: normal; orphans: 2; text-align: left; text-decoration: none; text-indent: 0px; text-transform: none; -webkit-text-stroke-width: 0px; white-space: normal; word-spacing: 0px;\">entfaltet<\/span> die Postkarte eine starke Farbwirkung .<\/p>\n<p>Postcards DIN A6, simple, without envelope<\/p>","protected":false},"excerpt":{"rendered":"<p>Postcards DIN A6, simple, without envelope<\/p>","protected":false},"featured_media":2318,"comment_status":"open","ping_status":"closed","template":"","meta":{"site-sidebar-layout":"default","site-content-layout":"default","ast-global-header-display":"","ast-main-header-display":"","ast-hfb-above-header-display":"","ast-hfb-below-header-display":"","ast-hfb-mobile-header-display":"","site-post-title":"","ast-breadcrumbs-content":"","ast-featured-img":"","footer-sml-layout":"","theme-transparent-header-meta":"","adv-header-id-meta":"","stick-header-meta":"","header-above-stick-meta":"","header-main-stick-meta":"","header-below-stick-meta":""},"product_brand":[],"product_cat":[207],"product_tag":[],"class_list":{"0":"post-111","1":"product","2":"type-product","3":"status-publish","4":"has-post-thumbnail","6":"product_cat-postkarte-quer","7":"product_shipping_class-versandkostenpauschale","8":"desktop-align-left","9":"tablet-align-left","10":"mobile-align-left","12":"first","13":"instock","14":"taxable","15":"shipping-taxable","16":"purchasable","17":"product-type-simple"},"_links":{"self":[{"href":"https:\/\/shop.katja-verlag.de\/en\/wp-json\/wp\/v2\/product\/111","targetHints":{"allow":["GET"]}}],"collection":[{"href":"https:\/\/shop.katja-verlag.de\/en\/wp-json\/wp\/v2\/product"}],"about":[{"href":"https:\/\/shop.katja-verlag.de\/en\/wp-json\/wp\/v2\/types\/product"}],"replies":[{"embeddable":true,"href":"https:\/\/shop.katja-verlag.de\/en\/wp-json\/wp\/v2\/comments?post=111"}],"version-history":[{"count":2,"href":"https:\/\/shop.katja-verlag.de\/en\/wp-json\/wp\/v2\/product\/111\/revisions"}],"predecessor-version":[{"id":3525,"href":"https:\/\/shop.katja-verlag.de\/en\/wp-json\/wp\/v2\/product\/111\/revisions\/3525"}],"wp:featuredmedia":[{"embeddable":true,"href":"https:\/\/shop.katja-verlag.de\/en\/wp-json\/wp\/v2\/media\/2318"}],"wp:attachment":[{"href":"https:\/\/shop.katja-verlag.de\/en\/wp-json\/wp\/v2\/media?parent=111"}],"wp:term":[{"taxonomy":"product_brand","embeddable":true,"href":"https:\/\/shop.katja-verlag.de\/en\/wp-json\/wp\/v2\/product_brand?post=111"},{"taxonomy":"product_cat","embeddable":true,"href":"https:\/\/shop.katja-verlag.de\/en\/wp-json\/wp\/v2\/product_cat?post=111"},{"taxonomy":"product_tag","embeddable":true,"href":"https:\/\/shop.katja-verlag.de\/en\/wp-json\/wp\/v2\/product_tag?post=111"}],"curies":[{"name":"wp","href":"https:\/\/api.w.org\/{rel}","templated":true}]}}