{"id":108,"date":"2017-10-06T19:17:15","date_gmt":"2017-10-06T17:17:15","guid":{"rendered":"http:\/\/shop.katja-verlag.de\/?post_type=product&#038;p=108"},"modified":"2024-02-24T23:42:01","modified_gmt":"2024-02-24T22:42:01","slug":"postkarte-abendwind-nr-p03","status":"publish","type":"product","link":"https:\/\/shop.katja-verlag.de\/en\/produkt\/postkarte-abendwind-nr-p03\/","title":{"rendered":"Postcard \"Evening breeze\" No.: P03"},"content":{"rendered":"<p>Postkarte &#8222;Abendwind&#8220; von Ilona Reny. Bei diesem tiefblauen Bild scheint alles vom Wind verweht zu sein. \u00dcber der sch\u00f6nen historischen Stadt schweben, fliegen und Schaukeln sowohl Feen und Schmetterlinge als auch Fische. Die himmlischen Wesen umf\u00e4ngt Schnee und gro\u00dfe Perlen. Die Perlen sehen aus wie gro\u00dfe Wassertropfen. Da der Fee gerade der Regenschirm aus der Hand fliegt, regnet es vermutlich. Es sieht wie ein k\u00fcnstlerischer Schneeregen aus. \u00dcber der ganzen Szene schwebt eine besonders gro\u00dfe Wassertropfen-Perle. Sie wirkt wie ein gro\u00dfer Mond.<\/p>\n<p>Postcards DIN A6, simple, without envelope<\/p>","protected":false},"excerpt":{"rendered":"<p>Postcards DIN A6, simple, without envelope<\/p>","protected":false},"featured_media":2317,"comment_status":"open","ping_status":"closed","template":"","meta":{"site-sidebar-layout":"default","site-content-layout":"default","ast-global-header-display":"","ast-main-header-display":"","ast-hfb-above-header-display":"","ast-hfb-below-header-display":"","ast-hfb-mobile-header-display":"","site-post-title":"","ast-breadcrumbs-content":"","ast-featured-img":"","footer-sml-layout":"","theme-transparent-header-meta":"","adv-header-id-meta":"","stick-header-meta":"","header-above-stick-meta":"","header-main-stick-meta":"","header-below-stick-meta":""},"product_brand":[],"product_cat":[207],"product_tag":[],"class_list":{"0":"post-108","1":"product","2":"type-product","3":"status-publish","4":"has-post-thumbnail","6":"product_cat-postkarte-quer","7":"product_shipping_class-versandkostenpauschale","8":"desktop-align-left","9":"tablet-align-left","10":"mobile-align-left","12":"first","13":"instock","14":"taxable","15":"shipping-taxable","16":"purchasable","17":"product-type-simple"},"_links":{"self":[{"href":"https:\/\/shop.katja-verlag.de\/en\/wp-json\/wp\/v2\/product\/108","targetHints":{"allow":["GET"]}}],"collection":[{"href":"https:\/\/shop.katja-verlag.de\/en\/wp-json\/wp\/v2\/product"}],"about":[{"href":"https:\/\/shop.katja-verlag.de\/en\/wp-json\/wp\/v2\/types\/product"}],"replies":[{"embeddable":true,"href":"https:\/\/shop.katja-verlag.de\/en\/wp-json\/wp\/v2\/comments?post=108"}],"version-history":[{"count":2,"href":"https:\/\/shop.katja-verlag.de\/en\/wp-json\/wp\/v2\/product\/108\/revisions"}],"predecessor-version":[{"id":3529,"href":"https:\/\/shop.katja-verlag.de\/en\/wp-json\/wp\/v2\/product\/108\/revisions\/3529"}],"wp:featuredmedia":[{"embeddable":true,"href":"https:\/\/shop.katja-verlag.de\/en\/wp-json\/wp\/v2\/media\/2317"}],"wp:attachment":[{"href":"https:\/\/shop.katja-verlag.de\/en\/wp-json\/wp\/v2\/media?parent=108"}],"wp:term":[{"taxonomy":"product_brand","embeddable":true,"href":"https:\/\/shop.katja-verlag.de\/en\/wp-json\/wp\/v2\/product_brand?post=108"},{"taxonomy":"product_cat","embeddable":true,"href":"https:\/\/shop.katja-verlag.de\/en\/wp-json\/wp\/v2\/product_cat?post=108"},{"taxonomy":"product_tag","embeddable":true,"href":"https:\/\/shop.katja-verlag.de\/en\/wp-json\/wp\/v2\/product_tag?post=108"}],"curies":[{"name":"wp","href":"https:\/\/api.w.org\/{rel}","templated":true}]}}