{"id":8,"date":"2017-09-30T07:07:36","date_gmt":"2017-09-30T05:07:36","guid":{"rendered":"http:\/\/shop.katja-verlag.de\/?page_id=8"},"modified":"2021-10-23T20:58:05","modified_gmt":"2021-10-23T18:58:05","slug":"ueber-uns","status":"publish","type":"page","link":"https:\/\/shop.katja-verlag.de\/en\/ueber-uns\/","title":{"rendered":"About"},"content":{"rendered":"<p><\/p>\n\n\n\n<p class=\"has-text-align-left\">Katja Verlag - Ilona Reny produces and distributes exceptionally designed products by the German artist and graduate designer Ilona Reny. Her pictures whisk us away to magical, dreamy worlds inhabited by fairies, plants and mysterious animals. They revive our imagination and inspire us to think and dream. In her motifs, we always discover something new and can relax in a very special way. Their harmoniously coordinated colour compositions are pleasing to the eye and help us to slow down. So far, postcards, picture books, posters and puzzles with motifs by Ilona Reny have been created.<\/p>\n\n\n\n<p class=\"has-text-align-left has-normal-font-size\"><a href=\"https:\/\/www.schmidtspiele.de\/neuheiten.html?label=&amp;thema=Ilona+Reny&amp;kat=Erwachsenenpuzzle\" target=\"_blank\" rel=\"noreferrer noopener\">New puzzles from Schmidt Puzzle with motifs by Ilona Reny:<\/a><\/p>\n\n\n\n<p><\/p>\n\n\n\n<figure class=\"wp-block-image alignwide size-large\"><a href=\"https:\/\/www.schmidtspiele.de\/neuheiten.html?label=&amp;thema=Ilona+Reny&amp;kat=Erwachsenenpuzzle\" target=\"_blank\" rel=\"noopener noreferrer\"><img decoding=\"async\" src=\"https:\/\/shop.katja-verlag.de\/wp-content\/uploads\/2020\/04\/Schmidt-alle-4a-2-1024x206.jpg\" alt=\"\" class=\"wp-image-4321\"\/><\/a><\/figure>\n\n\n\n<p><\/p>\n\n\n\n<p><a href=\"https:\/\/athesia-verlag.de\/neue-heye-puzzles-2020\/\" target=\"_blank\" rel=\"noreferrer noopener\">New puzzles from Heye-Verlag with motifs by Ilona Reny:<\/a>  <br><\/p>\n\n\n\n<div class=\"wp-block-image\"><figure class=\"alignleft size-large\"><a href=\"https:\/\/athesia-verlag.de\/neue-heye-puzzles-2020\/\" target=\"_blank\" rel=\"noopener noreferrer\"><img fetchpriority=\"high\" decoding=\"async\" width=\"869\" height=\"312\" src=\"https:\/\/shop.katja-verlag.de\/wp-content\/uploads\/2020\/04\/Athesia-alle-3.jpg\" alt=\"\" class=\"wp-image-4290\" srcset=\"https:\/\/shop.katja-verlag.de\/wp-content\/uploads\/2020\/04\/Athesia-alle-3.jpg 869w, https:\/\/shop.katja-verlag.de\/wp-content\/uploads\/2020\/04\/Athesia-alle-3-800x287.jpg 800w, https:\/\/shop.katja-verlag.de\/wp-content\/uploads\/2020\/04\/Athesia-alle-3-300x108.jpg 300w, https:\/\/shop.katja-verlag.de\/wp-content\/uploads\/2020\/04\/Athesia-alle-3-768x276.jpg 768w, https:\/\/shop.katja-verlag.de\/wp-content\/uploads\/2020\/04\/Athesia-alle-3-16x6.jpg 16w\" sizes=\"(max-width: 869px) 100vw, 869px\" \/><\/a><\/figure><\/div>\n\n\n\n<p><\/p>\n\n\n\n<div class=\"wp-block-group\"><div class=\"wp-block-group__inner-container is-layout-flow wp-block-group-is-layout-flow\">\n<p class=\"has-text-align-left has-white-background-color has-background\">Ilona Reny \u201ePixie Dust\u201c: \u201eMagic Keys\u201d and \u201eFairy Park\u201d<br><br>The German artist Ilona Reny from Frankfurt am Main fills her playful dream worlds with all kinds of surreal beings, plants and things. The motifs of her postcards, greeting cards and puzzles show enchanting scenes with an infinite number of loving details, a fantastic world in which its own laws of gravity and logic prevail. Her picture books are also unusually detailed, and are meant to be fun to look at and to discover infinite things. Ilona Reny illustrates and writes only those books that she herself has dreamed of since childhood. Beautiful and enchanting is her cuddly \"Fairy Park\" with the little fairies and you would love to find the key to Ilona Reny's trendy designed dream world \"Magic Keys\". (both 1000 pieces) <br><br> <a href=\"https:\/\/athesia-verlag.de\/neue-heye-puzzles-2020\/\" target=\"_blank\" rel=\"noreferrer noopener\">https:\/\/athesia-verlag.de\/neue-heye-puzzles-2020\/<\/a>  <\/p>\n<\/div><\/div>","protected":false},"excerpt":{"rendered":"<p>Katja Verlag &#8211; ilona Reny produziert und vertreibt au\u00dfergew\u00f6hnlich gestaltete Produkte der deutschen K\u00fcnstlerin und Diplom-Designerin Ilona Reny. Ihre Bilder entf\u00fchren uns in zauberhafte, vertr\u00e4umte Welten, die von Feen, Pflanzen und geheimnisvollen Tieren bewohnt sind. Sie lassen unsere Phantasie aufleben und inspirieren uns zum Nachdenken und Tr\u00e4umen. In ihren Motiven entdeckt man immer wieder etwas &hellip;<\/p>\n<p class=\"read-more\"> <a class=\"\" href=\"https:\/\/shop.katja-verlag.de\/en\/ueber-uns\/\"> <span class=\"screen-reader-text\">About<\/span> Read More &raquo;<\/a><\/p>","protected":false},"author":1,"featured_media":0,"parent":0,"menu_order":3,"comment_status":"closed","ping_status":"closed","template":"","meta":{"site-sidebar-layout":"default","site-content-layout":"default","ast-global-header-display":"","ast-main-header-display":"","ast-hfb-above-header-display":"","ast-hfb-below-header-display":"","ast-hfb-mobile-header-display":"","site-post-title":"","ast-breadcrumbs-content":"","ast-featured-img":"","footer-sml-layout":"","theme-transparent-header-meta":"","adv-header-id-meta":"","stick-header-meta":"","header-above-stick-meta":"","header-main-stick-meta":"","header-below-stick-meta":"","footnotes":""},"class_list":["post-8","page","type-page","status-publish","hentry"],"_links":{"self":[{"href":"https:\/\/shop.katja-verlag.de\/en\/wp-json\/wp\/v2\/pages\/8","targetHints":{"allow":["GET"]}}],"collection":[{"href":"https:\/\/shop.katja-verlag.de\/en\/wp-json\/wp\/v2\/pages"}],"about":[{"href":"https:\/\/shop.katja-verlag.de\/en\/wp-json\/wp\/v2\/types\/page"}],"author":[{"embeddable":true,"href":"https:\/\/shop.katja-verlag.de\/en\/wp-json\/wp\/v2\/users\/1"}],"replies":[{"embeddable":true,"href":"https:\/\/shop.katja-verlag.de\/en\/wp-json\/wp\/v2\/comments?post=8"}],"version-history":[{"count":45,"href":"https:\/\/shop.katja-verlag.de\/en\/wp-json\/wp\/v2\/pages\/8\/revisions"}],"predecessor-version":[{"id":4327,"href":"https:\/\/shop.katja-verlag.de\/en\/wp-json\/wp\/v2\/pages\/8\/revisions\/4327"}],"wp:attachment":[{"href":"https:\/\/shop.katja-verlag.de\/en\/wp-json\/wp\/v2\/media?parent=8"}],"curies":[{"name":"wp","href":"https:\/\/api.w.org\/{rel}","templated":true}]}}