{"id":242,"date":"2017-10-11T08:35:01","date_gmt":"2017-10-11T06:35:01","guid":{"rendered":"http:\/\/shop.katja-verlag.de\/?page_id=242"},"modified":"2017-10-11T08:50:41","modified_gmt":"2017-10-11T06:50:41","slug":"fuer-haendler","status":"publish","type":"page","link":"https:\/\/shop.katja-verlag.de\/en\/fuer-haendler\/","title":{"rendered":"F\u00fcr H\u00e4ndler"},"content":{"rendered":"<p><font color=\"white\"><strong>F\u00fcr B\u00fccher:<\/strong><\/p>\n<p>Wir verschicken B\u00fccher an Buchhandlungen zu H\u00e4ndlerrabatten. F\u00fcr Details bitte kontaktieren Sie uns unter: <a href=\"mailto:katjaverlag@mail.com\">katjaverlag@mail.com<\/a> oder Tel.: 0176-524 955 96<\/p>\n<p>Dar\u00fcber hinaus sind wir bei KNV bestellbar.<\/p>\n<p>&nbsp;<\/p>\n<p><strong>F\u00fcr Postkarten und alles Andere:<\/strong><\/p>\n<p>Wenn Sie als H\u00e4ndler bei uns Postkarten oder andere Produkte zu H\u00e4ndlerpreisen\u00a0erwerben m\u00f6chten, bitte kontaktieren Sie uns direkt unter: <a href=\"mailto:katjaverlag@mail.com\">katjaverlag@mail.com<\/a> oder Tel.: 0176-524 955 96<\/p>\n<p>&nbsp;<br \/>\n<\/font><\/p>","protected":false},"excerpt":{"rendered":"<p>F\u00fcr B\u00fccher: Wir verschicken B\u00fccher an Buchhandlungen zu H\u00e4ndlerrabatten. F\u00fcr Details bitte kontaktieren Sie uns unter: katjaverlag@mail.com oder Tel.: 0176-524 955 96 Dar\u00fcber hinaus sind wir bei KNV bestellbar. &nbsp; F\u00fcr Postkarten und alles Andere: Wenn Sie als H\u00e4ndler bei uns Postkarten oder andere Produkte zu H\u00e4ndlerpreisen\u00a0erwerben m\u00f6chten, bitte kontaktieren Sie uns direkt unter: katjaverlag@mail.com &hellip;<\/p>\n<p class=\"read-more\"> <a class=\"\" href=\"https:\/\/shop.katja-verlag.de\/en\/fuer-haendler\/\"> <span class=\"screen-reader-text\">F\u00fcr H\u00e4ndler<\/span> Read More &raquo;<\/a><\/p>","protected":false},"author":1,"featured_media":0,"parent":0,"menu_order":13,"comment_status":"closed","ping_status":"closed","template":"","meta":{"site-sidebar-layout":"default","site-content-layout":"default","ast-global-header-display":"","ast-main-header-display":"","ast-hfb-above-header-display":"","ast-hfb-below-header-display":"","ast-hfb-mobile-header-display":"","site-post-title":"","ast-breadcrumbs-content":"","ast-featured-img":"","footer-sml-layout":"","theme-transparent-header-meta":"","adv-header-id-meta":"","stick-header-meta":"","header-above-stick-meta":"","header-main-stick-meta":"","header-below-stick-meta":"","footnotes":""},"class_list":["post-242","page","type-page","status-publish","hentry"],"_links":{"self":[{"href":"https:\/\/shop.katja-verlag.de\/en\/wp-json\/wp\/v2\/pages\/242","targetHints":{"allow":["GET"]}}],"collection":[{"href":"https:\/\/shop.katja-verlag.de\/en\/wp-json\/wp\/v2\/pages"}],"about":[{"href":"https:\/\/shop.katja-verlag.de\/en\/wp-json\/wp\/v2\/types\/page"}],"author":[{"embeddable":true,"href":"https:\/\/shop.katja-verlag.de\/en\/wp-json\/wp\/v2\/users\/1"}],"replies":[{"embeddable":true,"href":"https:\/\/shop.katja-verlag.de\/en\/wp-json\/wp\/v2\/comments?post=242"}],"version-history":[{"count":5,"href":"https:\/\/shop.katja-verlag.de\/en\/wp-json\/wp\/v2\/pages\/242\/revisions"}],"predecessor-version":[{"id":247,"href":"https:\/\/shop.katja-verlag.de\/en\/wp-json\/wp\/v2\/pages\/242\/revisions\/247"}],"wp:attachment":[{"href":"https:\/\/shop.katja-verlag.de\/en\/wp-json\/wp\/v2\/media?parent=242"}],"curies":[{"name":"wp","href":"https:\/\/api.w.org\/{rel}","templated":true}]}}