{"id":240,"date":"2017-10-11T08:26:44","date_gmt":"2017-10-11T06:26:44","guid":{"rendered":"http:\/\/shop.katja-verlag.de\/?page_id=240"},"modified":"2018-03-16T20:58:56","modified_gmt":"2018-03-16T19:58:56","slug":"versandkosten","status":"publish","type":"page","link":"https:\/\/shop.katja-verlag.de\/en\/versandkosten\/","title":{"rendered":"Versandkosten"},"content":{"rendered":"<p><font color=\"white\"><strong>Versandkosten:<\/strong><br \/>\nWir erheben eine Versandkostenpauschale von 4,00 \u20ac f\u00fcr Postkarten\/Gru\u00dfkartenbestellungen von B2B-Kunden.<\/p>\n<p>Versandkosten von B\u00fcchern f\u00fcr Privatkunden sind pauschal 2,50 \u20ac.<\/p>\n<p>Bei manchen Produkt-Kombinationen sind die Versandkosten h\u00f6her, weil die Produkte nicht zusammen in einen Karton\/Umschlag passen und teilweise separat versendet werden.<br \/>\n<\/font><\/p>","protected":false},"excerpt":{"rendered":"<p>Versandkosten: Wir erheben eine Versandkostenpauschale von 4,00 \u20ac f\u00fcr Postkarten\/Gru\u00dfkartenbestellungen von B2B-Kunden. Versandkosten von B\u00fcchern f\u00fcr Privatkunden sind pauschal 2,50 \u20ac. Bei manchen Produkt-Kombinationen sind die Versandkosten h\u00f6her, weil die Produkte nicht zusammen in einen Karton\/Umschlag passen und teilweise separat versendet werden.<\/p>","protected":false},"author":1,"featured_media":0,"parent":0,"menu_order":12,"comment_status":"closed","ping_status":"closed","template":"","meta":{"site-sidebar-layout":"default","site-content-layout":"default","ast-global-header-display":"","ast-main-header-display":"","ast-hfb-above-header-display":"","ast-hfb-below-header-display":"","ast-hfb-mobile-header-display":"","site-post-title":"","ast-breadcrumbs-content":"","ast-featured-img":"","footer-sml-layout":"","theme-transparent-header-meta":"","adv-header-id-meta":"","stick-header-meta":"","header-above-stick-meta":"","header-main-stick-meta":"","header-below-stick-meta":"","footnotes":""},"class_list":["post-240","page","type-page","status-publish","hentry"],"_links":{"self":[{"href":"https:\/\/shop.katja-verlag.de\/en\/wp-json\/wp\/v2\/pages\/240","targetHints":{"allow":["GET"]}}],"collection":[{"href":"https:\/\/shop.katja-verlag.de\/en\/wp-json\/wp\/v2\/pages"}],"about":[{"href":"https:\/\/shop.katja-verlag.de\/en\/wp-json\/wp\/v2\/types\/page"}],"author":[{"embeddable":true,"href":"https:\/\/shop.katja-verlag.de\/en\/wp-json\/wp\/v2\/users\/1"}],"replies":[{"embeddable":true,"href":"https:\/\/shop.katja-verlag.de\/en\/wp-json\/wp\/v2\/comments?post=240"}],"version-history":[{"count":7,"href":"https:\/\/shop.katja-verlag.de\/en\/wp-json\/wp\/v2\/pages\/240\/revisions"}],"predecessor-version":[{"id":517,"href":"https:\/\/shop.katja-verlag.de\/en\/wp-json\/wp\/v2\/pages\/240\/revisions\/517"}],"wp:attachment":[{"href":"https:\/\/shop.katja-verlag.de\/en\/wp-json\/wp\/v2\/media?parent=240"}],"curies":[{"name":"wp","href":"https:\/\/api.w.org\/{rel}","templated":true}]}}